{"id":456,"date":"2025-08-25T20:53:57","date_gmt":"2025-08-25T20:53:57","guid":{"rendered":"https:\/\/numeraiq.com\/impressum\/"},"modified":"2026-04-09T09:00:37","modified_gmt":"2026-04-09T09:00:37","slug":"impressum","status":"publish","type":"page","link":"https:\/\/numeraiq.com\/de\/impressum\/","title":{"rendered":"Impressum"},"content":{"rendered":"\n<p>Firmenname: NumeraIQ FlexCo<\/p>\n\n<p><strong>Adresse:<\/strong> Breitenfurter Stra\u00dfe 89 Top 5<br\/>1120 Wien <br\/>\u00d6sterreich<\/p>\n\n<p>Kontakt: <br\/>E-Mail: contact@numeraiq.com<br\/>Website: https:\/\/numeraiq.com<\/p>\n\n<p><strong>Firmenbuchnummer: <\/strong>674223 f<br\/><strong>Firmenbuchgericht:<\/strong> Handelsgericht Wien<br\/><strong>Sitz:<\/strong> 1120 Wien<br\/><strong>Unternehmensgegenstand:<\/strong> Erstellung und Vertrieb von Softwareprodukten, Erbringung von IT-Dienstleistungen in den Bereichen Beratung, Softwareentwicklung und Betrieb von IT-L\u00f6sungen, Handel mit Waren aller Art<\/p>\n\n<p>Verleihender Staat: \u00d6sterreich<\/p>\n\n<p><strong>Gesch\u00e4ftsf\u00fchrer:<\/strong> Karl Tasch &amp; Benedikt Hofmann<\/p>\n\n<p>Impressum der Datenschutzbeh\u00f6rde: <a href=\"https:\/\/numeraiq.com\/de\/impressum\/\">https:\/\/numeraiq.com\/imprint\/<\/a><\/p>\n\n<p><strong>Kontakt:<\/strong><br\/>NumeraIQ FlexCo<br\/>Breitenfurter Stra\u00dfe 89 Top 5<br\/>1120 Wien <br\/>\u00d6sterreich<\/p>\n\n<p><strong>Umsatzsteuer-Identifikationsnummer:<\/strong> Umsatzsteuer-Identifikationsnummer gem\u00e4\u00df \u00a7 27 a Umsatzsteuergesetz: <strong>ATU83062659<\/strong><\/p>\n\n<p><\/p>\n\n<h3 class=\"wp-block-heading\" id=\"eu-streitschlichtung\">EU-Streitbeilegung<\/h3>\n\n<p>Wir m\u00f6chten Sie \u00fcber die Online-Streitbeilegungsplattform (OS-Plattform) gem\u00e4\u00df der Verordnung \u00fcber Online-Streitbeilegung in Verbraucherangelegenheiten (ODR-Verordnung) informieren.<br\/>Verbraucher haben die M\u00f6glichkeit, Beschwerden an die Online-Streitbeilegungsplattform der Europ\u00e4ischen Kommission unter <a href=\"https:\/\/ec.europa.eu\/consumers\/odr\/main\/?event=main.home2.show\" target=\"_blank\" rel=\"noreferrer noopener\">https:\/\/ec.europa.eu\/consumers\/odr\/main\/?event=main.home2.show<\/a> zu richten. Die notwendigen Kontaktdaten finden Sie in unserem Impressum oben. <\/p>\n\n<p>Wir weisen jedoch darauf hin, dass wir nicht bereit oder verpflichtet sind, an Streitbeilegungsverfahren vor einer Verbraucherschlichtungsstelle teilzunehmen.<\/p>\n\n<p><\/p>\n\n<h3 class=\"wp-block-heading\" id=\"haftung-fur-inhalte-dieser-website\">Haftung f\u00fcr den Inhalt dieser Website<\/h3>\n\n<p>Wir entwickeln den Inhalt dieser Website st\u00e4ndig weiter und sind bem\u00fcht, korrekte und aktuelle Informationen bereitzustellen. Leider k\u00f6nnen wir keine Haftung f\u00fcr die Richtigkeit der Inhalte dieser Website \u00fcbernehmen. Dies gilt insbesondere f\u00fcr Inhalte, die von Dritten bereitgestellt werden. Als Diensteanbieter sind wir weder verpflichtet, von Ihnen \u00fcbermittelte oder gespeicherte Informationen zu \u00fcberwachen, noch Umst\u00e4nde zu untersuchen, die auf eine rechtswidrige T\u00e4tigkeit hindeuten.   <\/p>\n\n<p>Aufgrund von gerichtlichen oder beh\u00f6rdlichen Anordnungen nach allgemeinem Recht bleiben unsere Verpflichtungen zur Entfernung von Informationen oder zur Sperrung der Nutzung von Informationen unber\u00fchrt, auch wenn wir nicht verantwortlich sind.<\/p>\n\n<p>Wenn Sie problematische oder rechtswidrige Inhalte feststellen, kontaktieren Sie uns bitte umgehend, damit wir die rechtswidrigen Inhalte entfernen k\u00f6nnen. Sie finden unsere Kontaktdaten im Impressum. <\/p>\n\n<p><\/p>\n\n<h3 class=\"wp-block-heading\" id=\"haftung-links-auf-dieser-website\">Haftung f\u00fcr Links auf dieser Website<\/h3>\n\n<p>Unsere Website enth\u00e4lt Links zu anderen Websites, f\u00fcr die wir nicht verantwortlich sind. Wir haften nicht f\u00fcr verlinkte Websites, da wir keine Kenntnis von rechtswidrigen Aktivit\u00e4ten hatten. Sollten wir Kenntnis von rechtswidrigen Aktivit\u00e4ten erlangen, werden wir die betreffenden Links umgehend entfernen.  <\/p>\n\n<p>Wenn Sie rechtswidrige Links auf unserer Website feststellen, kontaktieren Sie uns bitte. Sie finden unsere Kontaktdaten im Impressum. <\/p>\n\n<p><\/p>\n\n<h3 class=\"wp-block-heading\" id=\"urheberrechtshinweis\">Urheberrechtshinweis<\/h3>\n\n<p>Alle Inhalte dieser Website (Bilder, Grafiken, Fotos, Texte, Videos) unterliegen dem Urheberrecht. Bitte fragen Sie uns, bevor Sie die Inhalte dieser Website verbreiten, vervielf\u00e4ltigen oder nutzen \u2013 z. B. durch die erneute Ver\u00f6ffentlichung auf anderen Websites. Bei Bedarf werden wir die unbefugte Nutzung der Inhalte unserer Website strafrechtlich verfolgen.  <\/p>\n\n<p>Wenn Sie auf dieser Website Inhalte finden, die das Urheberrecht verletzen, kontaktieren Sie uns bitte.<\/p>\n\n<p><\/p>\n\n<h3 class=\"wp-block-heading\" id=\"onlineauftritte\">Andere Online-Pr\u00e4senzen<\/h3>\n\n<p><strong>Dieses Impressum gilt auch f\u00fcr<\/strong> <br\/><a href=\"https:\/\/app.numeraiq.com\">https:\/\/app.numeraiq.com<\/a><\/p>\n\n<p>Alle Texte sind urheberrechtlich gesch\u00fctzt.<\/p>\n\n<p><\/p>\n","protected":false},"excerpt":{"rendered":"<p>Firmenname: NumeraIQ FlexCo Adresse: Breitenfurter Stra\u00dfe 89 Top 51120 Wien \u00d6sterreich Kontakt: E-Mail: contact@numeraiq.comWebsite: https:\/\/numeraiq.com Firmenbuchnummer: 674223 fFirmenbuchgericht: Handelsgericht WienSitz: 1120 WienUnternehmensgegenstand: Erstellung und Vertrieb von Softwareprodukten, Erbringung von IT-Dienstleistungen in den Bereichen Beratung, Softwareentwicklung und Betrieb von IT-L\u00f6sungen, Handel mit Waren aller Art Verleihender Staat: \u00d6sterreich Gesch\u00e4ftsf\u00fchrer: Karl Tasch &amp; Benedikt Hofmann Impressum der [&hellip;]<\/p>\n","protected":false},"author":1,"featured_media":0,"parent":0,"menu_order":0,"comment_status":"closed","ping_status":"closed","template":"","meta":{"_acf_changed":false,"footnotes":""},"class_list":["post-456","page","type-page","status-publish","hentry"],"acf":[],"_links":{"self":[{"href":"https:\/\/numeraiq.com\/de\/wp-json\/wp\/v2\/pages\/456","targetHints":{"allow":["GET"]}}],"collection":[{"href":"https:\/\/numeraiq.com\/de\/wp-json\/wp\/v2\/pages"}],"about":[{"href":"https:\/\/numeraiq.com\/de\/wp-json\/wp\/v2\/types\/page"}],"author":[{"embeddable":true,"href":"https:\/\/numeraiq.com\/de\/wp-json\/wp\/v2\/users\/1"}],"replies":[{"embeddable":true,"href":"https:\/\/numeraiq.com\/de\/wp-json\/wp\/v2\/comments?post=456"}],"version-history":[{"count":6,"href":"https:\/\/numeraiq.com\/de\/wp-json\/wp\/v2\/pages\/456\/revisions"}],"predecessor-version":[{"id":599,"href":"https:\/\/numeraiq.com\/de\/wp-json\/wp\/v2\/pages\/456\/revisions\/599"}],"wp:attachment":[{"href":"https:\/\/numeraiq.com\/de\/wp-json\/wp\/v2\/media?parent=456"}],"curies":[{"name":"wp","href":"https:\/\/api.w.org\/{rel}","templated":true}]}}